{"id":643,"date":"2020-01-20T20:42:48","date_gmt":"2020-01-20T20:42:48","guid":{"rendered":"http:\/\/bienen-wiese.de\/?page_id=643"},"modified":"2024-07-06T15:19:28","modified_gmt":"2024-07-06T15:19:28","slug":"ueber-uns","status":"publish","type":"page","link":"https:\/\/www.bienen-wiese.de\/?page_id=643","title":{"rendered":"\u00dcber uns"},"content":{"rendered":"\n<p class=\"has-drop-cap has-normal-font-size\"><strong>Martin Weyrauch <\/strong> <\/p>\n\n\n\n<p><strong>\u2013 Vorsitzender des <a href=\"http:\/\/starkenburger-imkerkreis.de\/\">Starkenburger Imkerkreis Kreis Bergstra\u00dfe<\/a> (Hessen)<\/strong><\/p>\n\n\n\n<p>\u2013 <strong>Schriftf\u00fchrer des<\/strong> <strong><a href=\"http:\/\/www.imker-bensheim.de\/\" target=\"_blank\" rel=\"noreferrer noopener\">Bienenz\u00fcchterverein 1861 Bensheim und Umgebung<\/a><\/strong><\/p>\n\n\n\n<div class=\"wp-block-media-text alignwide is-image-fill\"><figure class=\"wp-block-media-text__media\" style=\"background-image:url(http:\/\/bienen-wiese.de\/wp-content\/uploads\/2020\/01\/Weyrauch4kl.jpg);background-position:42% 20%\"><img loading=\"lazy\" decoding=\"async\" width=\"319\" height=\"480\" src=\"http:\/\/bienen-wiese.de\/wp-content\/uploads\/2020\/01\/Weyrauch4kl.jpg\" alt=\"\" class=\"wp-image-876 size-full\" srcset=\"https:\/\/www.bienen-wiese.de\/wp-content\/uploads\/2020\/01\/Weyrauch4kl.jpg 319w, https:\/\/www.bienen-wiese.de\/wp-content\/uploads\/2020\/01\/Weyrauch4kl-199x300.jpg 199w\" sizes=\"(max-width: 319px) 100vw, 319px\" \/><\/figure><div class=\"wp-block-media-text__content\">\n<p class=\"has-normal-font-size\">Naturvielfalt und ein kontinuierliches Bl\u00fctenband ist Grundlage f\u00fcr die Bienengesundheit. <\/p>\n\n\n\n<p class=\"has-normal-font-size\">Wichtig ist hier auch der Kontakt und Austausch mit Allen im Bereich der Landwirtschaft und Weinbaus, des Natur- und Umweltschutzes und den Beh\u00f6rden.  <\/p>\n\n\n\n<p class=\"has-normal-font-size\">F\u00fcr den j\u00e4hrlich stattfindenden Hessentag werden die vielf\u00e4ltigen Themen zur Bienenhaltung, Natur und Umwelt f\u00fcr den Stand der Hessischen Imker auf dem Gel\u00e4nde \u201eNatur auf der Spur\u201c gestaltet. Viele Kinder mit Ihren Eltern, Schulklassen und Kindergruppen lassen sich faszinieren von der Welt der Bienen.<\/p>\n<\/div><\/div>\n\n\n\n<div style=\"height:100px\" aria-hidden=\"true\" class=\"wp-block-spacer\"><\/div>\n\n\n\n<p><\/p>\n\n\n\n<p class=\"has-drop-cap\"><strong>Hannelore Rexroth<\/strong><\/p>\n\n\n\n<p>\u2013 Imkerberaterin im <a href=\"http:\/\/www.imker-bensheim.de\/\" target=\"_blank\" rel=\"noreferrer noopener\">Bienenz\u00fcchterverein 1861<\/a> <a href=\"http:\/\/www.imker-bensheim.de\/\" target=\"_blank\" rel=\"noreferrer noopener\">Bensheim und Umgebung<\/a><\/p>\n\n\n\n<p><\/p>\n\n\n\n<div class=\"wp-block-media-text alignwide is-image-fill\"><figure class=\"wp-block-media-text__media\" style=\"background-image:url(http:\/\/bienen-wiese.de\/wp-content\/uploads\/2020\/01\/DSC_7025-1024x684.jpg);background-position:60% 33%\"><img loading=\"lazy\" decoding=\"async\" width=\"1024\" height=\"684\" src=\"http:\/\/bienen-wiese.de\/wp-content\/uploads\/2020\/01\/DSC_7025-1024x684.jpg\" alt=\"\" class=\"wp-image-32 size-full\" srcset=\"https:\/\/www.bienen-wiese.de\/wp-content\/uploads\/2020\/01\/DSC_7025-1024x684.jpg 1024w, https:\/\/www.bienen-wiese.de\/wp-content\/uploads\/2020\/01\/DSC_7025-300x200.jpg 300w, https:\/\/www.bienen-wiese.de\/wp-content\/uploads\/2020\/01\/DSC_7025-768x513.jpg 768w, https:\/\/www.bienen-wiese.de\/wp-content\/uploads\/2020\/01\/DSC_7025-1536x1026.jpg 1536w, https:\/\/www.bienen-wiese.de\/wp-content\/uploads\/2020\/01\/DSC_7025-2048x1367.jpg 2048w\" sizes=\"(max-width: 1024px) 100vw, 1024px\" \/><\/figure><div class=\"wp-block-media-text__content\">\n<p class=\"has-normal-font-size\">Qualifizierte Neuimker-Gewinnung und Nachwuchsf\u00f6rderung, fachliche Beratung zur Bienenhaltung und Praxistrainings am Bienenstand vor Ort ist ein Grundstein zur Bienengesundheit in den Regionen. <\/p>\n\n\n\n<p class=\"has-normal-font-size\">Die Faszination mit der Bienenhaltung und bei der Honiggewinnung wird geweckt und f\u00fcr die Imkerei begeistert. <\/p>\n\n\n\n<p class=\"has-normal-font-size\">Mit Informationsveranstaltungen, Pr\u00e4sentationen und P\u00e4dagogischen Aktivit\u00e4ten sowie dem Jugend-Imker-Wettbewerb wird f\u00fcr die Imkerei geworben.<\/p>\n<\/div><\/div>\n\n\n\n<p><\/p>\n","protected":false},"excerpt":{"rendered":"<p>Martin Weyrauch \u2013 Vorsitzender des Starkenburger Imkerkreis Kreis Bergstra\u00dfe (Hessen) \u2013 Schriftf\u00fchrer des Bienenz\u00fcchterverein 1861 Bensheim und Umgebung Naturvielfalt und ein kontinuierliches Bl\u00fctenband ist Grundlage f\u00fcr die Bienengesundheit. Wichtig ist hier auch der Kontakt und Austausch mit Allen im Bereich der Landwirtschaft und Weinbaus, des Natur- und Umweltschutzes und den Beh\u00f6rden. F\u00fcr den j\u00e4hrlich stattfindenden Hessentag werden die vielf\u00e4ltigen Themen zur Bienenhaltung, Natur und Umwelt f\u00fcr den Stand der Hessischen Imker auf dem Gel\u00e4nde \u201eNatur auf der Spur\u201c gestaltet. Viele Kinder mit Ihren Eltern, Schulklassen und Kindergruppen lassen sich faszinieren von der Welt der Bienen. Hannelore Rexroth \u2013 Imkerberaterin im Bienenz\u00fcchterverein 1861 Bensheim und Umgebung Qualifizierte Neuimker-Gewinnung und Nachwuchsf\u00f6rderung, fachliche Beratung zur Bienenhaltung und Praxistrainings am Bienenstand vor Ort ist ein Grundstein zur Bienengesundheit in den Regionen. Die Faszination mit der Bienenhaltung und bei der Honiggewinnung wird geweckt und f\u00fcr die Imkerei begeistert. Mit Informationsveranstaltungen, Pr\u00e4sentationen und P\u00e4dagogischen Aktivit\u00e4ten sowie dem Jugend-Imker-Wettbewerb wird f\u00fcr die Imkerei geworben.<\/p>\n","protected":false},"author":1,"featured_media":0,"parent":0,"menu_order":0,"comment_status":"closed","ping_status":"closed","template":"","meta":{"footnotes":""},"_links":{"self":[{"href":"https:\/\/www.bienen-wiese.de\/index.php?rest_route=\/wp\/v2\/pages\/643"}],"collection":[{"href":"https:\/\/www.bienen-wiese.de\/index.php?rest_route=\/wp\/v2\/pages"}],"about":[{"href":"https:\/\/www.bienen-wiese.de\/index.php?rest_route=\/wp\/v2\/types\/page"}],"author":[{"embeddable":true,"href":"https:\/\/www.bienen-wiese.de\/index.php?rest_route=\/wp\/v2\/users\/1"}],"replies":[{"embeddable":true,"href":"https:\/\/www.bienen-wiese.de\/index.php?rest_route=%2Fwp%2Fv2%2Fcomments&post=643"}],"version-history":[{"count":24,"href":"https:\/\/www.bienen-wiese.de\/index.php?rest_route=\/wp\/v2\/pages\/643\/revisions"}],"predecessor-version":[{"id":931,"href":"https:\/\/www.bienen-wiese.de\/index.php?rest_route=\/wp\/v2\/pages\/643\/revisions\/931"}],"wp:attachment":[{"href":"https:\/\/www.bienen-wiese.de\/index.php?rest_route=%2Fwp%2Fv2%2Fmedia&parent=643"}],"curies":[{"name":"wp","href":"https:\/\/api.w.org\/{rel}","templated":true}]}}