{"id":654,"date":"2020-01-20T21:08:40","date_gmt":"2020-01-20T21:08:40","guid":{"rendered":"http:\/\/bienen-wiese.de\/?page_id=654"},"modified":"2024-07-06T15:31:55","modified_gmt":"2024-07-06T15:31:55","slug":"aktuelles","status":"publish","type":"page","link":"https:\/\/www.bienen-wiese.de\/?page_id=654","title":{"rendered":"Aktuelles"},"content":{"rendered":"<ul class=\"wp-block-latest-posts__list aligncenter wp-block-latest-posts\"><li><a class=\"wp-block-latest-posts__post-title\" href=\"https:\/\/www.bienen-wiese.de\/?p=924\">Honig-Fahrrad.de<\/a><div class=\"wp-block-latest-posts__post-full-content\"><!-- wp:paragraph -->\n<p>Ihr findet uns jetzt auch im Portal &#8222;<a rel=\"noreferrer noopener\" href=\"http:\/\/heppenheim.honigfahrrad.de\/\" target=\"_blank\">Honigfahrrad<\/a>&#8220; unter Heppenheim<\/p>\n<!-- \/wp:paragraph -->\n\n<!-- wp:image {\"id\":928,\"sizeSlug\":\"large\",\"linkDestination\":\"none\"} -->\n<figure class=\"wp-block-image size-large\"><img loading=\"lazy\" decoding=\"async\" width=\"998\" height=\"641\" src=\"https:\/\/www.bienen-wiese.de\/wp-content\/uploads\/2021\/05\/2021-05-08_194448-Honig-Fahrrad-edited.jpg\" alt=\"\" class=\"wp-image-928\" srcset=\"https:\/\/www.bienen-wiese.de\/wp-content\/uploads\/2021\/05\/2021-05-08_194448-Honig-Fahrrad-edited.jpg 998w, https:\/\/www.bienen-wiese.de\/wp-content\/uploads\/2021\/05\/2021-05-08_194448-Honig-Fahrrad-edited-300x193.jpg 300w, https:\/\/www.bienen-wiese.de\/wp-content\/uploads\/2021\/05\/2021-05-08_194448-Honig-Fahrrad-edited-768x493.jpg 768w\" sizes=\"(max-width: 998px) 100vw, 998px\" \/><\/figure>\n<!-- \/wp:image -->\n\n<!-- wp:paragraph -->\n<p><\/p>\n<!-- \/wp:paragraph --><\/div><\/li>\n<li><a class=\"wp-block-latest-posts__post-title\" href=\"https:\/\/www.bienen-wiese.de\/?p=847\">Hei\u00dfer Met (Honigwein)<\/a><div class=\"wp-block-latest-posts__post-full-content\"><!-- wp:media-text {\"align\":\"wide\",\"mediaId\":41,\"mediaType\":\"image\",\"isStackedOnMobile\":false,\"imageFill\":true,\"focalPoint\":{\"x\":0.3582089552238806,\"y\":0.14225172838627897},\"className\":\"alignwide\"} -->\n<div class=\"wp-block-media-text alignwide is-image-fill\"><figure class=\"wp-block-media-text__media\" style=\"background-image:url(http:\/\/bienen-wiese.de\/wp-content\/uploads\/2020\/01\/Lindenhof-2018.jpg);background-position:36% 14%\"><img loading=\"lazy\" decoding=\"async\" width=\"1024\" height=\"768\" src=\"http:\/\/bienen-wiese.de\/wp-content\/uploads\/2020\/01\/Lindenhof-2018.jpg\" alt=\"\" class=\"wp-image-41 size-full\" srcset=\"https:\/\/www.bienen-wiese.de\/wp-content\/uploads\/2020\/01\/Lindenhof-2018.jpg 1024w, https:\/\/www.bienen-wiese.de\/wp-content\/uploads\/2020\/01\/Lindenhof-2018-300x225.jpg 300w, https:\/\/www.bienen-wiese.de\/wp-content\/uploads\/2020\/01\/Lindenhof-2018-768x576.jpg 768w\" sizes=\"(max-width: 1024px) 100vw, 1024px\" \/><\/figure><div class=\"wp-block-media-text__content\"><!-- wp:paragraph {\"dropCap\":true,\"placeholder\":\"Inhalt\u2026\",\"fontSize\":\"normal\"} -->\n<p class=\"has-drop-cap has-normal-font-size\"><strong>Honigwein<\/strong>[<strong>Met<\/strong>] &#8211; die Alternative zum Gl\u00fchwein, hei\u00df und lecker, gibt es bei uns. <\/p>\n<!-- \/wp:paragraph -->\n\n<!-- wp:paragraph -->\n<p>Unser Angebot gibt&#8217;s ganzj\u00e4hrig auch bei uns im Krokusweg: Met in Flaschen, nat\u00fcrlich unsere Honige aus dem Fr\u00fchling und dem Sommer, unsere Kreationen von Honig-Essig [Oxymel] und B\u00e4renfang [Honiglik\u00f6r], Honig-Senf, Bienenwachskerzen, Kosmetik mit Bienenprodukten, und vieles mehr.<\/p>\n<!-- \/wp:paragraph --><\/div><\/div>\n<!-- \/wp:media-text -->\n\n<!-- wp:paragraph -->\n<p><\/p>\n<!-- \/wp:paragraph --><\/div><\/li>\n<li><a class=\"wp-block-latest-posts__post-title\" href=\"https:\/\/www.bienen-wiese.de\/?p=733\">Wir sind aktiv.<\/a><div class=\"wp-block-latest-posts__post-full-content\"><!-- wp:media-text {\"align\":\"wide\",\"mediaId\":36,\"mediaType\":\"image\",\"isStackedOnMobile\":false,\"verticalAlignment\":\"center\",\"imageFill\":true,\"focalPoint\":{\"x\":0.4798387096774194,\"y\":0.15282359403722426},\"className\":\"alignwide is-stacked-on-mobile\"} -->\n<div class=\"wp-block-media-text alignwide is-vertically-aligned-center is-image-fill is-stacked-on-mobile\"><figure class=\"wp-block-media-text__media\" style=\"background-image:url(http:\/\/bienen-wiese.de\/wp-content\/uploads\/2020\/01\/IMG_3089-scaled-e1579718814981-744x1024.jpg);background-position:48% 15%\"><img loading=\"lazy\" decoding=\"async\" width=\"744\" height=\"1024\" src=\"http:\/\/bienen-wiese.de\/wp-content\/uploads\/2020\/01\/IMG_3089-scaled-e1579718814981-744x1024.jpg\" alt=\"\" class=\"wp-image-36 size-full\" srcset=\"https:\/\/www.bienen-wiese.de\/wp-content\/uploads\/2020\/01\/IMG_3089-scaled-e1579718814981-744x1024.jpg 744w, https:\/\/www.bienen-wiese.de\/wp-content\/uploads\/2020\/01\/IMG_3089-scaled-e1579718814981-218x300.jpg 218w, https:\/\/www.bienen-wiese.de\/wp-content\/uploads\/2020\/01\/IMG_3089-scaled-e1579718814981-768x1057.jpg 768w, https:\/\/www.bienen-wiese.de\/wp-content\/uploads\/2020\/01\/IMG_3089-scaled-e1579718814981-1116x1536.jpg 1116w, https:\/\/www.bienen-wiese.de\/wp-content\/uploads\/2020\/01\/IMG_3089-scaled-e1579718814981-1140x1569.jpg 1140w, https:\/\/www.bienen-wiese.de\/wp-content\/uploads\/2020\/01\/IMG_3089-scaled-e1579718814981.jpg 1446w\" sizes=\"(max-width: 744px) 100vw, 744px\" \/><\/figure><div class=\"wp-block-media-text__content\"><!-- wp:paragraph {\"dropCap\":true,\"placeholder\":\"Inhalt\u2026\",\"fontSize\":\"normal\"} -->\n<p class=\"has-drop-cap has-normal-font-size\">wir waren dabei, beim <strong>Hessentag<\/strong>. Im Bereich \u201eder Natur auf der Spur\u201c gibt es immer tolle Aktionen und Informationen zum faszinierenden Hobby der Imkerei, zu Bl\u00fchwiesen und viel \u00fcber die Welt der Bienen, deren Waben und Behausungen und die Schwarmintelligenz der Bienen. <br><br><span style=\"text-decoration: underline\">Bild<\/span>: mit Willi Weizel auf der Hessentag B\u00fchne, bei \u201eWilli wills wissen\u201c (2018)<\/p>\n<!-- \/wp:paragraph --><\/div><\/div>\n<!-- \/wp:media-text -->\n\n<!-- wp:paragraph -->\n<p><\/p>\n<!-- \/wp:paragraph --><\/div><\/li>\n<li><a class=\"wp-block-latest-posts__post-title\" href=\"https:\/\/www.bienen-wiese.de\/?p=520\">Honig-Schrank<\/a><div class=\"wp-block-latest-posts__post-full-content\"><!-- wp:media-text {\"align\":\"wide\",\"mediaId\":37,\"mediaType\":\"image\",\"isStackedOnMobile\":false,\"imageFill\":true,\"focalPoint\":{\"x\":0.43359375,\"y\":0.3645882999195772},\"className\":\"alignwide\"} -->\n<div class=\"wp-block-media-text alignwide is-image-fill\"><figure class=\"wp-block-media-text__media\" style=\"background-image:url(http:\/\/bienen-wiese.de\/wp-content\/uploads\/2020\/01\/IMG_4719-768x1024.jpg);background-position:43% 36%\"><img loading=\"lazy\" decoding=\"async\" width=\"768\" height=\"1024\" src=\"http:\/\/bienen-wiese.de\/wp-content\/uploads\/2020\/01\/IMG_4719-768x1024.jpg\" alt=\"\" class=\"wp-image-37 size-full\" srcset=\"https:\/\/www.bienen-wiese.de\/wp-content\/uploads\/2020\/01\/IMG_4719-768x1024.jpg 768w, https:\/\/www.bienen-wiese.de\/wp-content\/uploads\/2020\/01\/IMG_4719-225x300.jpg 225w, https:\/\/www.bienen-wiese.de\/wp-content\/uploads\/2020\/01\/IMG_4719-1152x1536.jpg 1152w, https:\/\/www.bienen-wiese.de\/wp-content\/uploads\/2020\/01\/IMG_4719-1536x2048.jpg 1536w, https:\/\/www.bienen-wiese.de\/wp-content\/uploads\/2020\/01\/IMG_4719-scaled.jpg 1920w\" sizes=\"(max-width: 768px) 100vw, 768px\" \/><\/figure><div class=\"wp-block-media-text__content\"><!-- wp:paragraph {\"placeholder\":\"Inhalt\u2026\",\"fontSize\":\"normal\"} -->\n<p class=\"has-normal-font-size\"><strong><em>Neue Ernte ist da!<\/em><\/strong> <br>Unser Honig-Schrank ist aufgestellt und kann genutzt werden. Er ist 24h\/7Tage ge\u00f6ffnet. Beim \u00d6ffnen geht sogar die Beleuchtung an. <br>Honig ausw\u00e4hlen, Geld in die rote Kasse geben, Honig zu Hause genie\u00dfen.<\/p>\n<!-- \/wp:paragraph -->\n\n<!-- wp:paragraph -->\n<p>Unseren Honig-Schrank findet ihr im Krokusweg 2 in Heppenheim (Bergstr.) in der Nordstadt I.<\/p>\n<!-- \/wp:paragraph -->\n\n<!-- wp:paragraph -->\n<p>Einfach mal vorbei kommen und schauen.<\/p>\n<!-- \/wp:paragraph --><\/div><\/div>\n<!-- \/wp:media-text -->\n\n<!-- wp:paragraph {\"dropCap\":true} -->\n<p class=\"has-drop-cap\"><\/p>\n<!-- \/wp:paragraph --><\/div><\/li>\n<\/ul>","protected":false},"excerpt":{"rendered":"","protected":false},"author":1,"featured_media":0,"parent":0,"menu_order":0,"comment_status":"closed","ping_status":"closed","template":"","meta":{"footnotes":""},"_links":{"self":[{"href":"https:\/\/www.bienen-wiese.de\/index.php?rest_route=\/wp\/v2\/pages\/654"}],"collection":[{"href":"https:\/\/www.bienen-wiese.de\/index.php?rest_route=\/wp\/v2\/pages"}],"about":[{"href":"https:\/\/www.bienen-wiese.de\/index.php?rest_route=\/wp\/v2\/types\/page"}],"author":[{"embeddable":true,"href":"https:\/\/www.bienen-wiese.de\/index.php?rest_route=\/wp\/v2\/users\/1"}],"replies":[{"embeddable":true,"href":"https:\/\/www.bienen-wiese.de\/index.php?rest_route=%2Fwp%2Fv2%2Fcomments&post=654"}],"version-history":[{"count":12,"href":"https:\/\/www.bienen-wiese.de\/index.php?rest_route=\/wp\/v2\/pages\/654\/revisions"}],"predecessor-version":[{"id":849,"href":"https:\/\/www.bienen-wiese.de\/index.php?rest_route=\/wp\/v2\/pages\/654\/revisions\/849"}],"wp:attachment":[{"href":"https:\/\/www.bienen-wiese.de\/index.php?rest_route=%2Fwp%2Fv2%2Fmedia&parent=654"}],"curies":[{"name":"wp","href":"https:\/\/api.w.org\/{rel}","templated":true}]}}